{"id":2306,"date":"2025-05-23T00:33:44","date_gmt":"2025-05-23T00:33:44","guid":{"rendered":"https:\/\/ezequielganadero.es\/var\/www\/vhosts\/ezequielganadero.eshttpdocs\/services\/"},"modified":"2025-05-30T01:16:32","modified_gmt":"2025-05-30T01:16:32","slug":"services","status":"publish","type":"page","link":"https:\/\/ezequielganadero.es\/var\/www\/vhosts\/ezequielganadero.eshttpdocs\/services\/","title":{"rendered":"Offerings"},"content":{"rendered":"<h1>Nuestras Ofertas<\/h1>\n<p>01.<\/p>\n<h2>\n\t\t\t\t\t\t\tCr\u00eda de Ganado<br \/>\n\t\t\t\t\t<\/h2>\n<p>\n\t\t\t\t\t\tEn Ganadar\u00eda Ezequiel, nos especializamos en la cr\u00eda de ganado, garantizando su bienestar y salud. Utilizamos pr\u00e1cticas sostenibles que favorecen la calidad del producto y la preservaci\u00f3n del medio ambiente. Nuestro ganado es seleccionado cuidadosamente para proporcionar la mejor calidad a nuestros clientes.\t\t\t\t\t<\/p>\n<p>\t\t\t\t\t\t\t\t\t\t\t\t\t\t\t<img loading=\"lazy\" decoding=\"async\" width=\"740\" height=\"493\" src=\"https:\/\/ezequielganadero.es\/var\/www\/vhosts\/ezequielganadero.eshttpdocs\/wp-content\/uploads\/2025\/05\/descarga-8.webp\" alt=\"Contacto con ganader\u00eda en Badajoz\" srcset=\"https:\/\/ezequielganadero.es\/var\/www\/vhosts\/ezequielganadero.eshttpdocs\/wp-content\/uploads\/2025\/05\/descarga-8.webp 740w, https:\/\/ezequielganadero.es\/var\/www\/vhosts\/ezequielganadero.eshttpdocs\/wp-content\/uploads\/2025\/05\/descarga-8-300x200.webp 300w\" sizes=\"auto, (max-width: 740px) 100vw, 740px\" \/><br \/>\n\t\t\t\t\t\t\t\t\t\t\t\t\t\t\t<img loading=\"lazy\" decoding=\"async\" width=\"683\" height=\"1024\" src=\"https:\/\/ezequielganadero.es\/var\/www\/vhosts\/ezequielganadero.eshttpdocs\/wp-content\/uploads\/2025\/05\/descarga-9-683x1024.webp\" alt=\"Contacto con ganader\u00eda en Badajoz\" srcset=\"https:\/\/ezequielganadero.es\/var\/www\/vhosts\/ezequielganadero.eshttpdocs\/wp-content\/uploads\/2025\/05\/descarga-9-683x1024.webp 683w, https:\/\/ezequielganadero.es\/var\/www\/vhosts\/ezequielganadero.eshttpdocs\/wp-content\/uploads\/2025\/05\/descarga-9-200x300.webp 200w, https:\/\/ezequielganadero.es\/var\/www\/vhosts\/ezequielganadero.eshttpdocs\/wp-content\/uploads\/2025\/05\/descarga-9.webp 740w\" sizes=\"auto, (max-width: 683px) 100vw, 683px\" \/>\t\t\t\t\t\t\t\t\t\t\t\t\t\t\t<\/p>\n<p>02.<\/p>\n<h2>\n\t\t\t\t\t\t\tProducci\u00f3n de Carne<br \/>\n\t\t\t\t\t<\/h2>\n<p>\n\t\t\t\t\t\tNuestra producci\u00f3n de carne se basa en un estricto control de calidad y bienestar animal. Proporcionamos carne fresca, con un sabor inconfundible, que proviene de nuestro ganado bien alimentado y cuidado. Las t\u00e9cnicas utilizadas aseguran que cada pieza de carne cumpla con los est\u00e1ndares m\u00e1s altos de la industria.\t\t\t\t\t<\/p>\n<p>03.<\/p>\n<h2>\n\t\t\t\t\t\t\tComercializaci\u00f3n de Productos<br \/>\n\t\t\t\t\t<\/h2>\n<p>\n\t\t\t\t\t\tGanadar\u00eda Ezequiel ofrece una amplia gama de productos derivados, incluyendo l\u00e1cteos y embutidos. Cada producto est\u00e1 elaborado con cuidado, priorizando ingredientes frescos y m\u00e9todos tradicionales. Trabajamos con distribuidores y empresas locales para llevar nuestros productos al mercado de manera eficiente.\t\t\t\t\t<\/p>\n<p>\t\t\t\t\t\t\t\t\t\t\t\t\t\t\t<img loading=\"lazy\" decoding=\"async\" width=\"683\" height=\"1024\" src=\"https:\/\/ezequielganadero.es\/var\/www\/vhosts\/ezequielganadero.eshttpdocs\/wp-content\/uploads\/2025\/05\/descarga-6-683x1024.webp\" alt=\"\" srcset=\"https:\/\/ezequielganadero.es\/var\/www\/vhosts\/ezequielganadero.eshttpdocs\/wp-content\/uploads\/2025\/05\/descarga-6-683x1024.webp 683w, https:\/\/ezequielganadero.es\/var\/www\/vhosts\/ezequielganadero.eshttpdocs\/wp-content\/uploads\/2025\/05\/descarga-6-200x300.webp 200w, https:\/\/ezequielganadero.es\/var\/www\/vhosts\/ezequielganadero.eshttpdocs\/wp-content\/uploads\/2025\/05\/descarga-6.webp 740w\" sizes=\"auto, (max-width: 683px) 100vw, 683px\" \/><br \/>\n\t\t\t\t\t\t\t\t\t\t\t\t\t\t\t<img loading=\"lazy\" decoding=\"async\" width=\"740\" height=\"493\" src=\"https:\/\/ezequielganadero.es\/var\/www\/vhosts\/ezequielganadero.eshttpdocs\/wp-content\/uploads\/2025\/05\/descarga-5.webp\" alt=\"\" srcset=\"https:\/\/ezequielganadero.es\/var\/www\/vhosts\/ezequielganadero.eshttpdocs\/wp-content\/uploads\/2025\/05\/descarga-5.webp 740w, https:\/\/ezequielganadero.es\/var\/www\/vhosts\/ezequielganadero.eshttpdocs\/wp-content\/uploads\/2025\/05\/descarga-5-300x200.webp 300w\" sizes=\"auto, (max-width: 740px) 100vw, 740px\" \/>\t\t\t\t\t\t\t\t\t\t\t\t\t\t\t<\/p>\n<p>04.<\/p>\n<h2>\n\t\t\t\t\t\t\tConsultor\u00eda Ganadera<br \/>\n\t\t\t\t\t<\/h2>\n<p>\n\t\t\t\t\t\tOfrecemos servicios de consultor\u00eda ganadera, ayudando a otros empresarios en la gesti\u00f3n y mejora de sus pr\u00e1cticas. Nuestro equipo de expertos brinda asesoramiento personalizado para maximizar la productividad y bienestar del ganado, apoyando as\u00ed la sostenibilidad del sector ganadero.\t\t\t\t\t<\/p>\n<h2>\n\t\t\t\t\t\t\t\u00danete a Nosotros Hoy<br \/>\n\t\t\t\t\t<\/h2>\n<p>\n\t\t\t\t\t\tDescubre c\u00f3mo podemos ayudarte a mejorar la calidad de tu ganado y tus productos.\t\t\t\t\t<\/p>\n<p>\t\t\t\t\t<a href=\"\/contact\/\"><br \/>\n\t\t\t\t\t\t\t\t\tCont\u00e1ctanos<br \/>\n\t\t\t\t\t<\/a><\/p>\n","protected":false},"excerpt":{"rendered":"<p>Nuestras Ofertas 01. Cr\u00eda de Ganado En Ganadar\u00eda Ezequiel, nos especializamos en la cr\u00eda de ganado, garantizando su bienestar y [&hellip;]<\/p>\n","protected":false},"author":1,"featured_media":0,"parent":0,"menu_order":0,"comment_status":"closed","ping_status":"closed","template":"","meta":{"site-sidebar-layout":"no-sidebar","site-content-layout":"","ast-site-content-layout":"full-width-container","site-content-style":"default","site-sidebar-style":"default","ast-global-header-display":"","ast-banner-title-visibility":"","ast-main-header-display":"","ast-hfb-above-header-display":"","ast-hfb-below-header-display":"","ast-hfb-mobile-header-display":"","site-post-title":"disabled","ast-breadcrumbs-content":"","ast-featured-img":"disabled","footer-sml-layout":"","theme-transparent-header-meta":"","adv-header-id-meta":"","stick-header-meta":"","header-above-stick-meta":"","header-main-stick-meta":"","header-below-stick-meta":"","astra-migrate-meta-layouts":"default","ast-page-background-enabled":"default","ast-page-background-meta":{"desktop":{"background-color":"var(--ast-global-color-5)","background-image":"","background-repeat":"repeat","background-position":"center center","background-size":"auto","background-attachment":"scroll","background-type":"","background-media":"","overlay-type":"","overlay-color":"","overlay-opacity":"","overlay-gradient":""},"tablet":{"background-color":"","background-image":"","background-repeat":"repeat","background-position":"center center","background-size":"auto","background-attachment":"scroll","background-type":"","background-media":"","overlay-type":"","overlay-color":"","overlay-opacity":"","overlay-gradient":""},"mobile":{"background-color":"","background-image":"","background-repeat":"repeat","background-position":"center center","background-size":"auto","background-attachment":"scroll","background-type":"","background-media":"","overlay-type":"","overlay-color":"","overlay-opacity":"","overlay-gradient":""}},"ast-content-background-meta":{"desktop":{"background-color":"var(--ast-global-color-4)","background-image":"","background-repeat":"repeat","background-position":"center center","background-size":"auto","background-attachment":"scroll","background-type":"","background-media":"","overlay-type":"","overlay-color":"","overlay-opacity":"","overlay-gradient":""},"tablet":{"background-color":"var(--ast-global-color-4)","background-image":"","background-repeat":"repeat","background-position":"center center","background-size":"auto","background-attachment":"scroll","background-type":"","background-media":"","overlay-type":"","overlay-color":"","overlay-opacity":"","overlay-gradient":""},"mobile":{"background-color":"var(--ast-global-color-4)","background-image":"","background-repeat":"repeat","background-position":"center center","background-size":"auto","background-attachment":"scroll","background-type":"","background-media":"","overlay-type":"","overlay-color":"","overlay-opacity":"","overlay-gradient":""}},"footnotes":""},"class_list":["post-2306","page","type-page","status-publish","hentry"],"yoast_head":"<!-- This site is optimized with the Yoast SEO plugin v26.9 - https:\/\/yoast.com\/product\/yoast-seo-wordpress\/ -->\n<title>Offerings -<\/title>\n<meta name=\"description\" content=\"Nuestras Ofertas 01. Cr\u00eda de Ganado En Ganadar\u00eda Ezequiel, nos especializamos en la cr\u00eda de ganado, garantizando su bienestar y [&hellip;]\" \/>\n<meta name=\"robots\" content=\"noindex, follow\" \/>\n<meta property=\"og:locale\" content=\"es_ES\" \/>\n<meta property=\"og:type\" content=\"article\" \/>\n<meta property=\"og:title\" content=\"Offerings -\" \/>\n<meta property=\"og:description\" content=\"Nuestras Ofertas 01. Cr\u00eda de Ganado En Ganadar\u00eda Ezequiel, nos especializamos en la cr\u00eda de ganado, garantizando su bienestar y [&hellip;]\" \/>\n<meta property=\"og:url\" content=\"https:\/\/ezequielganadero.es\/var\/www\/vhosts\/ezequielganadero.eshttpdocs\/services\/\" \/>\n<meta property=\"article:modified_time\" content=\"2025-05-30T01:16:32+00:00\" \/>\n<meta property=\"og:image\" content=\"https:\/\/ezequielganadero.es\/var\/www\/vhosts\/ezequielganadero.eshttpdocs\/wp-content\/uploads\/2025\/05\/descarga-8.webp\" \/>\n<meta name=\"twitter:card\" content=\"summary_large_image\" \/>\n<meta name=\"twitter:label1\" content=\"Tiempo de lectura\" \/>\n\t<meta name=\"twitter:data1\" content=\"1 minuto\" \/>\n<script type=\"application\/ld+json\" class=\"yoast-schema-graph\">{\"@context\":\"https:\/\/schema.org\",\"@graph\":[{\"@type\":\"WebPage\",\"@id\":\"https:\/\/ezequielganadero.es\/var\/www\/vhosts\/ezequielganadero.eshttpdocs\/services\/\",\"url\":\"https:\/\/ezequielganadero.es\/var\/www\/vhosts\/ezequielganadero.eshttpdocs\/services\/\",\"name\":\"Offerings -\",\"isPartOf\":{\"@id\":\"https:\/\/ezequielganadero.es\/var\/www\/vhosts\/ezequielganadero.eshttpdocs\/#website\"},\"primaryImageOfPage\":{\"@id\":\"https:\/\/ezequielganadero.es\/var\/www\/vhosts\/ezequielganadero.eshttpdocs\/services\/#primaryimage\"},\"image\":{\"@id\":\"https:\/\/ezequielganadero.es\/var\/www\/vhosts\/ezequielganadero.eshttpdocs\/services\/#primaryimage\"},\"thumbnailUrl\":\"https:\/\/ezequielganadero.es\/var\/www\/vhosts\/ezequielganadero.eshttpdocs\/wp-content\/uploads\/2025\/05\/descarga-8.webp\",\"datePublished\":\"2025-05-23T00:33:44+00:00\",\"dateModified\":\"2025-05-30T01:16:32+00:00\",\"breadcrumb\":{\"@id\":\"https:\/\/ezequielganadero.es\/var\/www\/vhosts\/ezequielganadero.eshttpdocs\/services\/#breadcrumb\"},\"inLanguage\":\"es\",\"potentialAction\":[{\"@type\":\"ReadAction\",\"target\":[\"https:\/\/ezequielganadero.es\/var\/www\/vhosts\/ezequielganadero.eshttpdocs\/services\/\"]}]},{\"@type\":\"ImageObject\",\"inLanguage\":\"es\",\"@id\":\"https:\/\/ezequielganadero.es\/var\/www\/vhosts\/ezequielganadero.eshttpdocs\/services\/#primaryimage\",\"url\":\"https:\/\/ezequielganadero.es\/var\/www\/vhosts\/ezequielganadero.eshttpdocs\/wp-content\/uploads\/2025\/05\/descarga-8.webp\",\"contentUrl\":\"https:\/\/ezequielganadero.es\/var\/www\/vhosts\/ezequielganadero.eshttpdocs\/wp-content\/uploads\/2025\/05\/descarga-8.webp\",\"width\":740,\"height\":493,\"caption\":\"Contacto con ganader\u00eda en Badajoz\"},{\"@type\":\"BreadcrumbList\",\"@id\":\"https:\/\/ezequielganadero.es\/var\/www\/vhosts\/ezequielganadero.eshttpdocs\/services\/#breadcrumb\",\"itemListElement\":[{\"@type\":\"ListItem\",\"position\":1,\"name\":\"Portada\",\"item\":\"https:\/\/ezequielganadero.es\/var\/www\/vhosts\/ezequielganadero.eshttpdocs\/\"},{\"@type\":\"ListItem\",\"position\":2,\"name\":\"Offerings\"}]},{\"@type\":\"WebSite\",\"@id\":\"https:\/\/ezequielganadero.es\/var\/www\/vhosts\/ezequielganadero.eshttpdocs\/#website\",\"url\":\"https:\/\/ezequielganadero.es\/var\/www\/vhosts\/ezequielganadero.eshttpdocs\/\",\"name\":\"\",\"description\":\"\",\"potentialAction\":[{\"@type\":\"SearchAction\",\"target\":{\"@type\":\"EntryPoint\",\"urlTemplate\":\"https:\/\/ezequielganadero.es\/var\/www\/vhosts\/ezequielganadero.eshttpdocs\/?s={search_term_string}\"},\"query-input\":{\"@type\":\"PropertyValueSpecification\",\"valueRequired\":true,\"valueName\":\"search_term_string\"}}],\"inLanguage\":\"es\"}]}<\/script>\n<!-- \/ Yoast SEO plugin. -->","yoast_head_json":{"title":"Offerings -","description":"Nuestras Ofertas 01. Cr\u00eda de Ganado En Ganadar\u00eda Ezequiel, nos especializamos en la cr\u00eda de ganado, garantizando su bienestar y [&hellip;]","robots":{"index":"noindex","follow":"follow"},"og_locale":"es_ES","og_type":"article","og_title":"Offerings -","og_description":"Nuestras Ofertas 01. Cr\u00eda de Ganado En Ganadar\u00eda Ezequiel, nos especializamos en la cr\u00eda de ganado, garantizando su bienestar y [&hellip;]","og_url":"https:\/\/ezequielganadero.es\/var\/www\/vhosts\/ezequielganadero.eshttpdocs\/services\/","article_modified_time":"2025-05-30T01:16:32+00:00","og_image":[{"url":"https:\/\/ezequielganadero.es\/var\/www\/vhosts\/ezequielganadero.eshttpdocs\/wp-content\/uploads\/2025\/05\/descarga-8.webp","type":"","width":"","height":""}],"twitter_card":"summary_large_image","twitter_misc":{"Tiempo de lectura":"1 minuto"},"schema":{"@context":"https:\/\/schema.org","@graph":[{"@type":"WebPage","@id":"https:\/\/ezequielganadero.es\/var\/www\/vhosts\/ezequielganadero.eshttpdocs\/services\/","url":"https:\/\/ezequielganadero.es\/var\/www\/vhosts\/ezequielganadero.eshttpdocs\/services\/","name":"Offerings -","isPartOf":{"@id":"https:\/\/ezequielganadero.es\/var\/www\/vhosts\/ezequielganadero.eshttpdocs\/#website"},"primaryImageOfPage":{"@id":"https:\/\/ezequielganadero.es\/var\/www\/vhosts\/ezequielganadero.eshttpdocs\/services\/#primaryimage"},"image":{"@id":"https:\/\/ezequielganadero.es\/var\/www\/vhosts\/ezequielganadero.eshttpdocs\/services\/#primaryimage"},"thumbnailUrl":"https:\/\/ezequielganadero.es\/var\/www\/vhosts\/ezequielganadero.eshttpdocs\/wp-content\/uploads\/2025\/05\/descarga-8.webp","datePublished":"2025-05-23T00:33:44+00:00","dateModified":"2025-05-30T01:16:32+00:00","breadcrumb":{"@id":"https:\/\/ezequielganadero.es\/var\/www\/vhosts\/ezequielganadero.eshttpdocs\/services\/#breadcrumb"},"inLanguage":"es","potentialAction":[{"@type":"ReadAction","target":["https:\/\/ezequielganadero.es\/var\/www\/vhosts\/ezequielganadero.eshttpdocs\/services\/"]}]},{"@type":"ImageObject","inLanguage":"es","@id":"https:\/\/ezequielganadero.es\/var\/www\/vhosts\/ezequielganadero.eshttpdocs\/services\/#primaryimage","url":"https:\/\/ezequielganadero.es\/var\/www\/vhosts\/ezequielganadero.eshttpdocs\/wp-content\/uploads\/2025\/05\/descarga-8.webp","contentUrl":"https:\/\/ezequielganadero.es\/var\/www\/vhosts\/ezequielganadero.eshttpdocs\/wp-content\/uploads\/2025\/05\/descarga-8.webp","width":740,"height":493,"caption":"Contacto con ganader\u00eda en Badajoz"},{"@type":"BreadcrumbList","@id":"https:\/\/ezequielganadero.es\/var\/www\/vhosts\/ezequielganadero.eshttpdocs\/services\/#breadcrumb","itemListElement":[{"@type":"ListItem","position":1,"name":"Portada","item":"https:\/\/ezequielganadero.es\/var\/www\/vhosts\/ezequielganadero.eshttpdocs\/"},{"@type":"ListItem","position":2,"name":"Offerings"}]},{"@type":"WebSite","@id":"https:\/\/ezequielganadero.es\/var\/www\/vhosts\/ezequielganadero.eshttpdocs\/#website","url":"https:\/\/ezequielganadero.es\/var\/www\/vhosts\/ezequielganadero.eshttpdocs\/","name":"","description":"","potentialAction":[{"@type":"SearchAction","target":{"@type":"EntryPoint","urlTemplate":"https:\/\/ezequielganadero.es\/var\/www\/vhosts\/ezequielganadero.eshttpdocs\/?s={search_term_string}"},"query-input":{"@type":"PropertyValueSpecification","valueRequired":true,"valueName":"search_term_string"}}],"inLanguage":"es"}]}},"_links":{"self":[{"href":"https:\/\/ezequielganadero.es\/var\/www\/vhosts\/ezequielganadero.eshttpdocs\/wp-json\/wp\/v2\/pages\/2306","targetHints":{"allow":["GET"]}}],"collection":[{"href":"https:\/\/ezequielganadero.es\/var\/www\/vhosts\/ezequielganadero.eshttpdocs\/wp-json\/wp\/v2\/pages"}],"about":[{"href":"https:\/\/ezequielganadero.es\/var\/www\/vhosts\/ezequielganadero.eshttpdocs\/wp-json\/wp\/v2\/types\/page"}],"author":[{"embeddable":true,"href":"https:\/\/ezequielganadero.es\/var\/www\/vhosts\/ezequielganadero.eshttpdocs\/wp-json\/wp\/v2\/users\/1"}],"replies":[{"embeddable":true,"href":"https:\/\/ezequielganadero.es\/var\/www\/vhosts\/ezequielganadero.eshttpdocs\/wp-json\/wp\/v2\/comments?post=2306"}],"version-history":[{"count":13,"href":"https:\/\/ezequielganadero.es\/var\/www\/vhosts\/ezequielganadero.eshttpdocs\/wp-json\/wp\/v2\/pages\/2306\/revisions"}],"predecessor-version":[{"id":2567,"href":"https:\/\/ezequielganadero.es\/var\/www\/vhosts\/ezequielganadero.eshttpdocs\/wp-json\/wp\/v2\/pages\/2306\/revisions\/2567"}],"wp:attachment":[{"href":"https:\/\/ezequielganadero.es\/var\/www\/vhosts\/ezequielganadero.eshttpdocs\/wp-json\/wp\/v2\/media?parent=2306"}],"curies":[{"name":"wp","href":"https:\/\/api.w.org\/{rel}","templated":true}]}}